{"id":16875,"date":"2025-09-05T18:13:28","date_gmt":"2025-09-05T18:13:28","guid":{"rendered":"https:\/\/sandbox.directhomeservice.com\/?page_id=16875"},"modified":"2025-09-08T09:39:46","modified_gmt":"2025-09-08T09:39:46","slug":"account-deletion-request-form","status":"publish","type":"page","link":"https:\/\/sandbox.directhomeservice.com\/es\/account-deletion-request-form\/","title":{"rendered":"Formulario de solicitud de supresi\u00f3n de cuenta"},"content":{"rendered":"<div data-elementor-type=\"wp-page\" data-elementor-id=\"16875\" class=\"elementor elementor-16875\">\n\t\t\t\t<div class=\"elementor-element elementor-element-85e1365 e-flex e-con-boxed wpr-sticky-section-no wpr-equal-height-no e-con e-parent\" data-id=\"85e1365\" data-element_type=\"container\" data-e-type=\"container\" data-settings=\"{&quot;background_background&quot;:&quot;classic&quot;}\">\n\t\t\t\t\t<div class=\"e-con-inner\">\n\t\t<div class=\"elementor-element elementor-element-00286f1 e-con-full e-flex wpr-sticky-section-no wpr-equal-height-no e-con e-child\" data-id=\"00286f1\" data-element_type=\"container\" data-e-type=\"container\" data-settings=\"{&quot;background_background&quot;:&quot;classic&quot;}\">\n\t\t\t\t<div class=\"elementor-element elementor-element-f232462 elementor-list-item-link-inline elementor-align-start elementor-icon-list--layout-traditional elementor-widget elementor-widget-icon-list\" data-id=\"f232462\" data-element_type=\"widget\" data-e-type=\"widget\" data-widget_type=\"icon-list.default\">\n\t\t\t\t<div class=\"elementor-widget-container\">\n\t\t\t\t\t\t\t<ul class=\"elementor-icon-list-items\">\n\t\t\t\t\t\t\t<li class=\"elementor-icon-list-item\">\n\t\t\t\t\t\t\t\t\t\t\t<span class=\"elementor-icon-list-icon\">\n\t\t\t\t\t\t\t<svg aria-hidden=\"true\" class=\"e-font-icon-svg e-fas-circle\" viewbox=\"0 0 512 512\" xmlns=\"http:\/\/www.w3.org\/2000\/svg\"><path d=\"M256 8C119 8 8 119 8 256s111 248 248 248 248-111 248-248S393 8 256 8z\"><\/path><\/svg>\t\t\t\t\t\t<\/span>\n\t\t\t\t\t\t\t\t\t\t<span class=\"elementor-icon-list-text\">Servicio directo a domicilio<\/span>\n\t\t\t\t\t\t\t\t\t<\/li>\n\t\t\t\t\t\t<\/ul>\n\t\t\t\t\t\t<\/div>\n\t\t\t\t<\/div>\n\t\t\t\t<div class=\"elementor-element elementor-element-6c1c7a7 elementor-widget elementor-widget-heading\" data-id=\"6c1c7a7\" data-element_type=\"widget\" data-e-type=\"widget\" data-widget_type=\"heading.default\">\n\t\t\t\t<div class=\"elementor-widget-container\">\n\t\t\t\t\t<h2 class=\"elementor-heading-title elementor-size-default\">Solicitar la eliminaci\u00f3n permanente de su cuenta del DHS<\/h2>\t\t\t\t<\/div>\n\t\t\t\t<\/div>\n\t\t\t\t<div class=\"elementor-element elementor-element-812455a elementor-widget elementor-widget-text-editor\" data-id=\"812455a\" data-element_type=\"widget\" data-e-type=\"widget\" data-widget_type=\"text-editor.default\">\n\t\t\t\t<div class=\"elementor-widget-container\">\n\t\t\t\t\t\t\t\t\t<p><span style=\"font-weight: 400;\">Respetamos su privacidad. Si desea eliminar permanentemente su cuenta de Direct Home Service (DHS), rellene el siguiente formulario.<\/span><\/p><ul><li style=\"font-weight: 400;\" aria-level=\"1\"><span style=\"font-weight: 400;\">La eliminaci\u00f3n es <\/span><b>irreversible<\/b><span style=\"font-weight: 400;\">.<\/span><\/li><li style=\"font-weight: 400;\" aria-level=\"1\"><span style=\"font-weight: 400;\">Se eliminar\u00e1n todos los datos de la cuenta (trabajos, presupuestos, facturas, informaci\u00f3n sobre la tripulaci\u00f3n).<\/span><\/li><li style=\"font-weight: 400;\" aria-level=\"1\"><span style=\"font-weight: 400;\">El procesamiento tarda hasta <\/span><b>30 d\u00edas<\/b><span style=\"font-weight: 400;\">.<\/span><\/li><li style=\"font-weight: 400;\" aria-level=\"1\"><span style=\"font-weight: 400;\">Recibir\u00e1s un correo electr\u00f3nico de confirmaci\u00f3n una vez que se haya completado la eliminaci\u00f3n.<\/span><\/li><\/ul>\t\t\t\t\t\t\t\t<\/div>\n\t\t\t\t<\/div>\n\t\t\t\t<\/div>\n\t\t\t\t\t<\/div>\n\t\t\t\t<\/div>\n\t\t<div class=\"elementor-element elementor-element-04585f4 e-flex e-con-boxed wpr-sticky-section-no wpr-equal-height-no e-con e-parent\" data-id=\"04585f4\" data-element_type=\"container\" data-e-type=\"container\" data-settings=\"{&quot;background_background&quot;:&quot;classic&quot;}\">\n\t\t\t\t\t<div class=\"e-con-inner\">\n\t\t<div class=\"elementor-element elementor-element-188e134 e-con-full e-flex wpr-sticky-section-no wpr-equal-height-no e-con e-child\" data-id=\"188e134\" data-element_type=\"container\" data-e-type=\"container\" data-settings=\"{&quot;background_background&quot;:&quot;classic&quot;}\">\n\t\t\t\t<div class=\"elementor-element elementor-element-4f5d1a0 elementor-widget elementor-widget-heading\" data-id=\"4f5d1a0\" data-element_type=\"widget\" data-e-type=\"widget\" data-widget_type=\"heading.default\">\n\t\t\t\t<div class=\"elementor-widget-container\">\n\t\t\t\t\t<h2 class=\"elementor-heading-title elementor-size-default\">Formulario de solicitud de supresi\u00f3n de cuenta<\/h2>\t\t\t\t<\/div>\n\t\t\t\t<\/div>\n\t\t\t\t<div class=\"elementor-element elementor-element-ce6eb18 elementor-widget elementor-widget-text-editor\" data-id=\"ce6eb18\" data-element_type=\"widget\" data-e-type=\"widget\" data-widget_type=\"text-editor.default\">\n\t\t\t\t<div class=\"elementor-widget-container\">\n\t\t\t\t\t\t\t\t\t<p>Rellene todos los campos obligatorios para que podamos verificar la propiedad y procesar su solicitud de forma segura.<\/p>\t\t\t\t\t\t\t\t<\/div>\n\t\t\t\t<\/div>\n\t\t\t\t<\/div>\n\t\t<div class=\"elementor-element elementor-element-85587b3 e-con-full e-flex wpr-sticky-section-no wpr-equal-height-no e-con e-child\" data-id=\"85587b3\" data-element_type=\"container\" data-e-type=\"container\" data-settings=\"{&quot;background_background&quot;:&quot;classic&quot;}\">\n\t\t\t\t<div class=\"elementor-element elementor-element-0b92826 elementor-widget elementor-widget-heading\" data-id=\"0b92826\" data-element_type=\"widget\" data-e-type=\"widget\" data-widget_type=\"heading.default\">\n\t\t\t\t<div class=\"elementor-widget-container\">\n\t\t\t\t\t<h2 class=\"elementor-heading-title elementor-size-default\">Acerca de la eliminaci\u00f3n de cuentas<\/h2>\t\t\t\t<\/div>\n\t\t\t\t<\/div>\n\t\t\t\t<div class=\"elementor-element elementor-element-a6531b8 elementor-widget elementor-widget-text-editor\" data-id=\"a6531b8\" data-element_type=\"widget\" data-e-type=\"widget\" data-widget_type=\"text-editor.default\">\n\t\t\t\t<div class=\"elementor-widget-container\">\n\t\t\t\t\t\t\t\t\t<ul><li style=\"font-weight: 400;\" aria-level=\"1\"><b>Calendario:<\/b><span style=\"font-weight: 400;\">\u00a0Iniciamos el procesamiento en un plazo de 7 d\u00edas laborables; la eliminaci\u00f3n se completa en un plazo de 30 d\u00edas tras la verificaci\u00f3n.<\/span><\/li><li style=\"font-weight: 400;\" aria-level=\"1\"><b>Datos eliminados:<\/b><span style=\"font-weight: 400;\">\u00a0perfil, credenciales, trabajos guardados, presupuestos, facturas, calendarios y asignaci\u00f3n de cuadrillas.<\/span><\/li><li style=\"font-weight: 400;\" aria-level=\"1\"><b>Retenci\u00f3n legal:<\/b><span style=\"font-weight: 400;\"> Algunos registros de facturaci\u00f3n\/transacciones pueden conservarse para cumplir obligaciones fiscales o legales.<\/span><\/li><li style=\"font-weight: 400;\" aria-level=\"1\"><b style=\"font-family: -apple-system, BlinkMacSystemFont, 'Segoe UI', Roboto, 'Helvetica Neue', Arial, 'Noto Sans', sans-serif, 'Apple Color Emoji', 'Segoe UI Emoji', 'Segoe UI Symbol', 'Noto Color Emoji';\">Irreversible:<\/b><span style=\"font-weight: 400;\">\u00a0La supresi\u00f3n no puede deshacerse. Las exportaciones deben solicitarse antes del env\u00edo.<\/span><\/li><\/ul>\t\t\t\t\t\t\t\t<\/div>\n\t\t\t\t<\/div>\n\t\t\t\t<div class=\"elementor-element elementor-element-22324e3 elementor-widget-divider--view-line elementor-widget elementor-widget-divider\" data-id=\"22324e3\" data-element_type=\"widget\" data-e-type=\"widget\" data-widget_type=\"divider.default\">\n\t\t\t\t<div class=\"elementor-widget-container\">\n\t\t\t\t\t\t\t<div class=\"elementor-divider\">\n\t\t\t<span class=\"elementor-divider-separator\">\n\t\t\t\t\t\t<\/span>\n\t\t<\/div>\n\t\t\t\t\t\t<\/div>\n\t\t\t\t<\/div>\n\t\t\t\t<div class=\"elementor-element elementor-element-fece446 elementor-widget elementor-widget-text-editor\" data-id=\"fece446\" data-element_type=\"widget\" data-e-type=\"widget\" data-widget_type=\"text-editor.default\">\n\t\t\t\t<div class=\"elementor-widget-container\">\n\t\t\t\t\t\t\t\t\t<p><strong data-start=\"1250\" data-end=\"1270\">\u00bfPrefiere el correo electr\u00f3nico?<\/strong><br data-start=\"1270\" data-end=\"1273\" \/>Env\u00ede su solicitud desde el correo electr\u00f3nico de su cuenta registrada a <strong data-start=\"1321\" data-end=\"1363\"><a class=\"decorated-link cursor-pointer\" rel=\"noopener\" data-start=\"1323\" data-end=\"1361\">account-deletion@sandbox.directhomeservice.com<\/a><\/strong>. Incluya su nombre completo y n\u00famero de tel\u00e9fono. Le responderemos con los siguientes pasos.<\/p>\t\t\t\t\t\t\t\t<\/div>\n\t\t\t\t<\/div>\n\t\t\t\t<div class=\"elementor-element elementor-element-c471c29 elementor-widget-divider--view-line elementor-widget elementor-widget-divider\" data-id=\"c471c29\" data-element_type=\"widget\" data-e-type=\"widget\" data-widget_type=\"divider.default\">\n\t\t\t\t<div class=\"elementor-widget-container\">\n\t\t\t\t\t\t\t<div class=\"elementor-divider\">\n\t\t\t<span class=\"elementor-divider-separator\">\n\t\t\t\t\t\t<\/span>\n\t\t<\/div>\n\t\t\t\t\t\t<\/div>\n\t\t\t\t<\/div>\n\t\t\t\t<div class=\"elementor-element elementor-element-8280739 elementor-widget elementor-widget-text-editor\" data-id=\"8280739\" data-element_type=\"widget\" data-e-type=\"widget\" data-widget_type=\"text-editor.default\">\n\t\t\t\t<div class=\"elementor-widget-container\">\n\t\t\t\t\t\t\t\t\t<p><strong data-start=\"1438\" data-end=\"1455\">Opci\u00f3n dentro de la aplicaci\u00f3n<\/strong><br data-start=\"1455\" data-end=\"1458\" \/><span style=\"font-weight: 400;\">Abra la aplicaci\u00f3n DHS y vaya a\u00a0<\/span><b>Configuraci\u00f3n \u2192 Cuenta \u2192 Eliminar cuenta<\/b><span style=\"font-weight: 400;\">\u00a0para solicitar la eliminaci\u00f3n desde la aplicaci\u00f3n.<\/span><\/p>\t\t\t\t\t\t\t\t<\/div>\n\t\t\t\t<\/div>\n\t\t\t\t<div class=\"elementor-element elementor-element-cb2e793 elementor-widget-divider--view-line elementor-widget elementor-widget-divider\" data-id=\"cb2e793\" data-element_type=\"widget\" data-e-type=\"widget\" data-widget_type=\"divider.default\">\n\t\t\t\t<div class=\"elementor-widget-container\">\n\t\t\t\t\t\t\t<div class=\"elementor-divider\">\n\t\t\t<span class=\"elementor-divider-separator\">\n\t\t\t\t\t\t<\/span>\n\t\t<\/div>\n\t\t\t\t\t\t<\/div>\n\t\t\t\t<\/div>\n\t\t\t\t<div class=\"elementor-element elementor-element-7ced81f elementor-widget elementor-widget-text-editor\" data-id=\"7ced81f\" data-element_type=\"widget\" data-e-type=\"widget\" data-widget_type=\"text-editor.default\">\n\t\t\t\t<div class=\"elementor-widget-container\">\n\t\t\t\t\t\t\t\t\t<p data-start=\"1569\" data-end=\"1656\"><strong data-start=\"1569\" data-end=\"1587\">Pol\u00edtica de privacidad<\/strong><br data-start=\"1587\" data-end=\"1590\" \/><span style=\"font-weight: 400;\">Vea c\u00f3mo tratamos y protegemos sus datos en nuestro<\/span> <strong><span style=\"color: #2e3192;\"><a style=\"color: #2e3192;\" href=\"\/es\/privacy-policy\/\">Pol\u00edtica de privacidad<\/a>.<\/span><\/strong><\/p><p data-start=\"1658\" data-end=\"1693\"><em data-start=\"1658\" data-end=\"1691\">\u00daltima actualizaci\u00f3n: 7 de septiembre de 2025<\/em><\/p>\t\t\t\t\t\t\t\t<\/div>\n\t\t\t\t<\/div>\n\t\t\t\t<div class=\"elementor-element elementor-element-768172f elementor-widget-divider--view-line elementor-widget elementor-widget-divider\" data-id=\"768172f\" data-element_type=\"widget\" data-e-type=\"widget\" data-widget_type=\"divider.default\">\n\t\t\t\t<div class=\"elementor-widget-container\">\n\t\t\t\t\t\t\t<div class=\"elementor-divider\">\n\t\t\t<span class=\"elementor-divider-separator\">\n\t\t\t\t\t\t<\/span>\n\t\t<\/div>\n\t\t\t\t\t\t<\/div>\n\t\t\t\t<\/div>\n\t\t\t\t<div class=\"elementor-element elementor-element-eb4324d elementor-widget elementor-widget-text-editor\" data-id=\"eb4324d\" data-element_type=\"widget\" data-e-type=\"widget\" data-widget_type=\"text-editor.default\">\n\t\t\t\t<div class=\"elementor-widget-container\">\n\t\t\t\t\t\t\t\t\t<p><b>\u00bfPreguntas?<\/b><span style=\"font-weight: 400;\"><br \/><\/span><span style=\"font-weight: 400;\">Nuestro equipo de asistencia est\u00e1 aqu\u00ed para ayudarle. Si tiene alguna pregunta sobre c\u00f3mo eliminar su cuenta, no dude en enviarnos un correo electr\u00f3nico a <\/span><span style=\"color: #2e3192;\"><a style=\"color: #2e3192;\" href=\"mailto:support@sandbox.directhomeservice.com\"><b>support@sandbox.directhomeservice.com<\/b><\/a><\/span><span style=\"font-weight: 400;\"> o reserve una llamada r\u00e1pida en <strong><span style=\"color: #2e3192;\"><a style=\"color: #2e3192;\" href=\"\/es\/4-4-dhs-in-person-training-15min-callback\/\">aqu\u00ed<\/a>.<\/span><\/strong><\/span><\/p>\t\t\t\t\t\t\t\t<\/div>\n\t\t\t\t<\/div>\n\t\t\t\t<\/div>\n\t\t\t\t\t<\/div>\n\t\t\t\t<\/div>\n\t\t\t\t<\/div>","protected":false},"excerpt":{"rendered":"<p>Direct Home Service Request Permanent Deletion of Your DHS Account We respect your privacy. If you would like to permanently delete your Direct Home Service (DHS) account, please complete the form below. Deletion is irreversible. All account data (jobs, estimates,<\/p>","protected":false},"author":15,"featured_media":0,"parent":0,"menu_order":0,"comment_status":"closed","ping_status":"closed","template":"elementor_header_footer","meta":{"footnotes":""},"class_list":["post-16875","page","type-page","status-publish","hentry"],"yoast_head":"<!-- This site is optimized with the Yoast SEO plugin v27.5 - https:\/\/yoast.com\/product\/yoast-seo-wordpress\/ -->\n<title>Account Deletion Request Form - Direct Home Service<\/title>\n<meta name=\"robots\" content=\"index, follow, max-snippet:-1, max-image-preview:large, max-video-preview:-1\" \/>\n<link rel=\"canonical\" href=\"https:\/\/sandbox.directhomeservice.com\/es\/account-deletion-request-form\/\" \/>\n<meta property=\"og:locale\" content=\"es_MX\" \/>\n<meta property=\"og:type\" content=\"article\" \/>\n<meta property=\"og:title\" content=\"Account Deletion Request Form - Direct Home Service\" \/>\n<meta property=\"og:description\" content=\"Direct Home Service Request Permanent Deletion of Your DHS Account We respect your privacy. If you would like to permanently delete your Direct Home Service (DHS) account, please complete the form below. Deletion is irreversible. All account data (jobs, estimates,\" \/>\n<meta property=\"og:url\" content=\"https:\/\/sandbox.directhomeservice.com\/es\/account-deletion-request-form\/\" \/>\n<meta property=\"og:site_name\" content=\"Direct Home Service\" \/>\n<meta property=\"article:publisher\" content=\"https:\/\/www.facebook.com\/people\/Direct-Home-Service\/61565226406207\/\" \/>\n<meta property=\"article:modified_time\" content=\"2025-09-08T09:39:46+00:00\" \/>\n<meta name=\"twitter:card\" content=\"summary_large_image\" \/>\n<meta name=\"twitter:site\" content=\"@DirectHome18792\" \/>\n<meta name=\"twitter:label1\" content=\"Tiempo de lectura\" \/>\n\t<meta name=\"twitter:data1\" content=\"1 minuto\" \/>\n<script type=\"application\/ld+json\" class=\"yoast-schema-graph\">{\"@context\":\"https:\\\/\\\/schema.org\",\"@graph\":[{\"@type\":\"WebPage\",\"@id\":\"https:\\\/\\\/sandbox.directhomeservice.com\\\/account-deletion-request-form\\\/\",\"url\":\"https:\\\/\\\/sandbox.directhomeservice.com\\\/account-deletion-request-form\\\/\",\"name\":\"Account Deletion Request Form - Direct Home Service\",\"isPartOf\":{\"@id\":\"https:\\\/\\\/sandbox.directhomeservice.com\\\/#website\"},\"datePublished\":\"2025-09-05T18:13:28+00:00\",\"dateModified\":\"2025-09-08T09:39:46+00:00\",\"breadcrumb\":{\"@id\":\"https:\\\/\\\/sandbox.directhomeservice.com\\\/account-deletion-request-form\\\/#breadcrumb\"},\"inLanguage\":\"es\",\"potentialAction\":[{\"@type\":\"ReadAction\",\"target\":[\"https:\\\/\\\/sandbox.directhomeservice.com\\\/account-deletion-request-form\\\/\"]}]},{\"@type\":\"BreadcrumbList\",\"@id\":\"https:\\\/\\\/sandbox.directhomeservice.com\\\/account-deletion-request-form\\\/#breadcrumb\",\"itemListElement\":[{\"@type\":\"ListItem\",\"position\":1,\"name\":\"Home\",\"item\":\"https:\\\/\\\/sandbox.directhomeservice.com\\\/\"},{\"@type\":\"ListItem\",\"position\":2,\"name\":\"Account Deletion Request Form\"}]},{\"@type\":\"WebSite\",\"@id\":\"https:\\\/\\\/sandbox.directhomeservice.com\\\/#website\",\"url\":\"https:\\\/\\\/sandbox.directhomeservice.com\\\/\",\"name\":\"Direct Home Service\",\"description\":\"Boost Your Handyman Business\",\"publisher\":{\"@id\":\"https:\\\/\\\/sandbox.directhomeservice.com\\\/#organization\"},\"alternateName\":\"DHS\",\"potentialAction\":[{\"@type\":\"SearchAction\",\"target\":{\"@type\":\"EntryPoint\",\"urlTemplate\":\"https:\\\/\\\/sandbox.directhomeservice.com\\\/?s={search_term_string}\"},\"query-input\":{\"@type\":\"PropertyValueSpecification\",\"valueRequired\":true,\"valueName\":\"search_term_string\"}}],\"inLanguage\":\"es\"},{\"@type\":\"Organization\",\"@id\":\"https:\\\/\\\/sandbox.directhomeservice.com\\\/#organization\",\"name\":\"Direct Home Service\",\"alternateName\":\"DHS\",\"url\":\"https:\\\/\\\/sandbox.directhomeservice.com\\\/\",\"logo\":{\"@type\":\"ImageObject\",\"inLanguage\":\"es\",\"@id\":\"https:\\\/\\\/sandbox.directhomeservice.com\\\/#\\\/schema\\\/logo\\\/image\\\/\",\"url\":\"https:\\\/\\\/sandbox.directhomeservice.com\\\/wp-content\\\/uploads\\\/2025\\\/09\\\/logo-scaled.png\",\"contentUrl\":\"https:\\\/\\\/sandbox.directhomeservice.com\\\/wp-content\\\/uploads\\\/2025\\\/09\\\/logo-scaled.png\",\"width\":2560,\"height\":1414,\"caption\":\"Direct Home Service\"},\"image\":{\"@id\":\"https:\\\/\\\/sandbox.directhomeservice.com\\\/#\\\/schema\\\/logo\\\/image\\\/\"},\"sameAs\":[\"https:\\\/\\\/www.facebook.com\\\/people\\\/Direct-Home-Service\\\/61565226406207\\\/\",\"https:\\\/\\\/x.com\\\/DirectHome18792\",\"https:\\\/\\\/www.instagram.com\\\/directhomeservice\\\/\",\"https:\\\/\\\/www.youtube.com\\\/@DHShelp\"]}]}<\/script>\n<!-- \/ Yoast SEO plugin. -->","yoast_head_json":{"title":"Account Deletion Request Form - Direct Home Service","robots":{"index":"index","follow":"follow","max-snippet":"max-snippet:-1","max-image-preview":"max-image-preview:large","max-video-preview":"max-video-preview:-1"},"canonical":"https:\/\/sandbox.directhomeservice.com\/es\/account-deletion-request-form\/","og_locale":"es_MX","og_type":"article","og_title":"Account Deletion Request Form - Direct Home Service","og_description":"Direct Home Service Request Permanent Deletion of Your DHS Account We respect your privacy. If you would like to permanently delete your Direct Home Service (DHS) account, please complete the form below. Deletion is irreversible. All account data (jobs, estimates,","og_url":"https:\/\/sandbox.directhomeservice.com\/es\/account-deletion-request-form\/","og_site_name":"Direct Home Service","article_publisher":"https:\/\/www.facebook.com\/people\/Direct-Home-Service\/61565226406207\/","article_modified_time":"2025-09-08T09:39:46+00:00","twitter_card":"summary_large_image","twitter_site":"@DirectHome18792","twitter_misc":{"Tiempo de lectura":"1 minuto"},"schema":{"@context":"https:\/\/schema.org","@graph":[{"@type":"WebPage","@id":"https:\/\/sandbox.directhomeservice.com\/account-deletion-request-form\/","url":"https:\/\/sandbox.directhomeservice.com\/account-deletion-request-form\/","name":"Account Deletion Request Form - Direct Home Service","isPartOf":{"@id":"https:\/\/sandbox.directhomeservice.com\/#website"},"datePublished":"2025-09-05T18:13:28+00:00","dateModified":"2025-09-08T09:39:46+00:00","breadcrumb":{"@id":"https:\/\/sandbox.directhomeservice.com\/account-deletion-request-form\/#breadcrumb"},"inLanguage":"es","potentialAction":[{"@type":"ReadAction","target":["https:\/\/sandbox.directhomeservice.com\/account-deletion-request-form\/"]}]},{"@type":"BreadcrumbList","@id":"https:\/\/sandbox.directhomeservice.com\/account-deletion-request-form\/#breadcrumb","itemListElement":[{"@type":"ListItem","position":1,"name":"Home","item":"https:\/\/sandbox.directhomeservice.com\/"},{"@type":"ListItem","position":2,"name":"Account Deletion Request Form"}]},{"@type":"WebSite","@id":"https:\/\/sandbox.directhomeservice.com\/#website","url":"https:\/\/sandbox.directhomeservice.com\/","name":"Servicio directo a domicilio","description":"Impulse su negocio de manitas","publisher":{"@id":"https:\/\/sandbox.directhomeservice.com\/#organization"},"alternateName":"DHS","potentialAction":[{"@type":"SearchAction","target":{"@type":"EntryPoint","urlTemplate":"https:\/\/sandbox.directhomeservice.com\/?s={search_term_string}"},"query-input":{"@type":"PropertyValueSpecification","valueRequired":true,"valueName":"search_term_string"}}],"inLanguage":"es"},{"@type":"Organization","@id":"https:\/\/sandbox.directhomeservice.com\/#organization","name":"Servicio directo a domicilio","alternateName":"DHS","url":"https:\/\/sandbox.directhomeservice.com\/","logo":{"@type":"ImageObject","inLanguage":"es","@id":"https:\/\/sandbox.directhomeservice.com\/#\/schema\/logo\/image\/","url":"https:\/\/sandbox.directhomeservice.com\/wp-content\/uploads\/2025\/09\/logo-scaled.png","contentUrl":"https:\/\/sandbox.directhomeservice.com\/wp-content\/uploads\/2025\/09\/logo-scaled.png","width":2560,"height":1414,"caption":"Direct Home Service"},"image":{"@id":"https:\/\/sandbox.directhomeservice.com\/#\/schema\/logo\/image\/"},"sameAs":["https:\/\/www.facebook.com\/people\/Direct-Home-Service\/61565226406207\/","https:\/\/x.com\/DirectHome18792","https:\/\/www.instagram.com\/directhomeservice\/","https:\/\/www.youtube.com\/@DHShelp"]}]}},"_links":{"self":[{"href":"https:\/\/sandbox.directhomeservice.com\/es\/wp-json\/wp\/v2\/pages\/16875","targetHints":{"allow":["GET"]}}],"collection":[{"href":"https:\/\/sandbox.directhomeservice.com\/es\/wp-json\/wp\/v2\/pages"}],"about":[{"href":"https:\/\/sandbox.directhomeservice.com\/es\/wp-json\/wp\/v2\/types\/page"}],"author":[{"embeddable":true,"href":"https:\/\/sandbox.directhomeservice.com\/es\/wp-json\/wp\/v2\/users\/15"}],"replies":[{"embeddable":true,"href":"https:\/\/sandbox.directhomeservice.com\/es\/wp-json\/wp\/v2\/comments?post=16875"}],"version-history":[{"count":0,"href":"https:\/\/sandbox.directhomeservice.com\/es\/wp-json\/wp\/v2\/pages\/16875\/revisions"}],"wp:attachment":[{"href":"https:\/\/sandbox.directhomeservice.com\/es\/wp-json\/wp\/v2\/media?parent=16875"}],"curies":[{"name":"wp","href":"https:\/\/api.w.org\/{rel}","templated":true}]}}